{"id":19,"date":"2018-10-06T18:31:30","date_gmt":"2018-10-06T16:31:30","guid":{"rendered":"http:\/\/aiclb.xyz\/?page_id=19"},"modified":"2022-10-18T11:14:42","modified_gmt":"2022-10-18T09:14:42","slug":"accueil","status":"publish","type":"page","link":"https:\/\/aiclb.xyz\/","title":{"rendered":"ACCUEIL"},"content":{"rendered":"\n<p><\/p>\n\n\n<p><\/p>\n<h3 class=\"western\" align=\"center\"><strong>Bienvenue sur la page<\/strong><\/h3>\n<h3 class=\"western\" align=\"center\"><strong>Atelier Info du<\/strong><\/h3>\n<h3 class=\"western\" align=\"center\"><strong>coll\u00e8ge Lubet Barbon <\/strong>\ud83d\ude09<\/h3>\n<p><img data-recalc-dims=\"1\" loading=\"lazy\" decoding=\"async\" data-attachment-id=\"44\" data-permalink=\"https:\/\/aiclb.xyz\/index.php\/accueil\/img_20170201_084212\/\" data-orig-file=\"https:\/\/i0.wp.com\/aiclb.xyz\/wp-content\/uploads\/2018\/10\/IMG_20170201_084212.jpg?fit=4160%2C3120&amp;ssl=1\" data-orig-size=\"4160,3120\" data-comments-opened=\"0\" data-image-meta=\"{&quot;aperture&quot;:&quot;2&quot;,&quot;credit&quot;:&quot;&quot;,&quot;camera&quot;:&quot;HUAWEI MT7-TL10&quot;,&quot;caption&quot;:&quot;&quot;,&quot;created_timestamp&quot;:&quot;1485938533&quot;,&quot;copyright&quot;:&quot;&quot;,&quot;focal_length&quot;:&quot;3.79&quot;,&quot;iso&quot;:&quot;320&quot;,&quot;shutter_speed&quot;:&quot;0.04&quot;,&quot;title&quot;:&quot;&quot;,&quot;orientation&quot;:&quot;1&quot;}\" data-image-title=\"IMG_20170201_084212\" data-image-description=\"\" data-image-caption=\"\" data-large-file=\"https:\/\/i0.wp.com\/aiclb.xyz\/wp-content\/uploads\/2018\/10\/IMG_20170201_084212.jpg?fit=525%2C394&amp;ssl=1\" class=\"size-medium wp-image-44 aligncenter\" src=\"https:\/\/i0.wp.com\/aiclb.xyz\/wp-content\/uploads\/2018\/10\/IMG_20170201_084212-300x225.jpg?resize=300%2C225\" alt=\"\" width=\"300\" height=\"225\" srcset=\"https:\/\/i0.wp.com\/aiclb.xyz\/wp-content\/uploads\/2018\/10\/IMG_20170201_084212.jpg?resize=300%2C225&amp;ssl=1 300w, https:\/\/i0.wp.com\/aiclb.xyz\/wp-content\/uploads\/2018\/10\/IMG_20170201_084212.jpg?resize=768%2C576&amp;ssl=1 768w, https:\/\/i0.wp.com\/aiclb.xyz\/wp-content\/uploads\/2018\/10\/IMG_20170201_084212.jpg?resize=1024%2C768&amp;ssl=1 1024w, https:\/\/i0.wp.com\/aiclb.xyz\/wp-content\/uploads\/2018\/10\/IMG_20170201_084212.jpg?w=1575&amp;ssl=1 1575w\" sizes=\"auto, (max-width: 300px) 100vw, 300px\" \/><\/p>\n<p align=\"center\">~~~~<\/p>\n<h3 class=\"western\" align=\"center\">Brevet initiation informatique (B2i), Niveau 1<\/h3>\n<p align=\"center\">I. S\u2019approprier un environnement informatique de travail<\/p>\n<p align=\"center\"><a href=\"http:\/\/phillucas.free.fr\/aiclb\/Mission_1_Le_materiel_informatique_Mission_B2i.html\" target=\"_blank\" rel=\"noopener noreferrer\">Mission 1, le mat\u00e9riel informatique<\/a><\/p>\n<p align=\"center\">II. Adopter une attitude responsable<\/p>\n<p align=\"center\"><a href=\"http:\/\/monecole.fr\/monB2i\/missionb2i\/mission-2-internet-et-moi\/\" target=\"_blank\" rel=\"noopener noreferrer\">Mission 2,&nbsp;Internet et moi<\/a><\/p>\n<p align=\"center\">III. &nbsp;Cr\u00e9er, produire, traiter, exploiter des donn\u00e9es<\/p>\n<p align=\"center\"><a href=\"http:\/\/monecole.fr\/monB2i\/missionb2i\/mission-3\/\" target=\"_blank\" rel=\"noopener noreferrer\">Mission 3, &nbsp;Manier la souris et ses boutons<\/a><\/p>\n<p align=\"center\"><a href=\"http:\/\/monecole.fr\/monB2i\/missionb2i\/mission-4-maitriser-le-clavier\/\" target=\"_blank\" rel=\"noopener noreferrer\">Mission 4, Ma\u00eetriser le clavier<\/a><\/p>\n<p align=\"center\">IV. S\u2019informer, se documenter<\/p>\n<p align=\"center\"><a href=\"http:\/\/monecole.fr\/monB2i\/missionb2i\/mission-5-linformation-sur-internet\/\" target=\"_blank\" rel=\"noopener noreferrer\">Mission 5, L\u2019information sur internet<\/a><\/p>\n<p align=\"center\"><a href=\"http:\/\/monecole.fr\/monB2i\/missionb2i\/mission-6-naviguer\/\" target=\"_blank\" rel=\"noopener noreferrer\">Mission 6, Naviguer<\/a><\/p>\n<p align=\"center\"><a href=\"http:\/\/monecole.fr\/monB2i\/missionb2i\/mission-7-rechercher-sur-internet\/\" target=\"_blank\" rel=\"noopener noreferrer\">Mission 7, Rechercher sur internet<\/a><\/p>\n<p align=\"center\">V. Communiquer, \u00e9changer<\/p>\n<p align=\"center\"><a href=\"http:\/\/monecole.fr\/monB2i\/missionb2i\/mission-8-utiliser-un-traitement-de-texte\/\" target=\"_blank\" rel=\"noopener noreferrer\">Mission 8, Utiliser un traitement de texte<\/a><\/p>\n<p align=\"center\"><a href=\"http:\/\/monecole.fr\/monB2i\/missionb2i\/mission-9-utiliser-une-messagerie\/\" target=\"_blank\" rel=\"noopener noreferrer\">Mission 9, Utiliser une messagerie<\/a><\/p>\n<p align=\"center\"><a href=\"http:\/\/monecole.fr\/monB2i\/missionb2i\/mission-10-communiquer-et-publier\/\" target=\"_blank\" rel=\"noopener noreferrer\">Mission 10, Communiquer et publier<\/a><\/p>","protected":false},"excerpt":{"rendered":"<p>Bienvenue sur la page Atelier Info du coll\u00e8ge Lubet Barbon \ud83d\ude09 ~~~~ Brevet initiation informatique (B2i), Niveau 1 I. S\u2019approprier un environnement informatique de travail Mission 1, le mat\u00e9riel informatique II. Adopter une attitude responsable Mission 2,&nbsp;Internet et moi III. &nbsp;Cr\u00e9er, produire, traiter, exploiter des donn\u00e9es Mission 3, &nbsp;Manier la souris et ses boutons Mission &hellip; <\/p>\n<p class=\"link-more\"><a href=\"https:\/\/aiclb.xyz\/\" class=\"more-link\">Continuer la lecture<span class=\"screen-reader-text\"> de &laquo;&nbsp;ACCUEIL&nbsp;&raquo;<\/span><\/a><\/p>\n","protected":false},"author":1,"featured_media":0,"parent":0,"menu_order":0,"comment_status":"closed","ping_status":"closed","template":"","meta":{"jetpack_post_was_ever_published":false,"footnotes":""},"class_list":["post-19","page","type-page","status-publish","hentry"],"jetpack_sharing_enabled":true,"jetpack_shortlink":"https:\/\/wp.me\/PakV0s-j","jetpack-related-posts":[],"_links":{"self":[{"href":"https:\/\/aiclb.xyz\/index.php\/wp-json\/wp\/v2\/pages\/19","targetHints":{"allow":["GET"]}}],"collection":[{"href":"https:\/\/aiclb.xyz\/index.php\/wp-json\/wp\/v2\/pages"}],"about":[{"href":"https:\/\/aiclb.xyz\/index.php\/wp-json\/wp\/v2\/types\/page"}],"author":[{"embeddable":true,"href":"https:\/\/aiclb.xyz\/index.php\/wp-json\/wp\/v2\/users\/1"}],"replies":[{"embeddable":true,"href":"https:\/\/aiclb.xyz\/index.php\/wp-json\/wp\/v2\/comments?post=19"}],"version-history":[{"count":27,"href":"https:\/\/aiclb.xyz\/index.php\/wp-json\/wp\/v2\/pages\/19\/revisions"}],"predecessor-version":[{"id":931,"href":"https:\/\/aiclb.xyz\/index.php\/wp-json\/wp\/v2\/pages\/19\/revisions\/931"}],"wp:attachment":[{"href":"https:\/\/aiclb.xyz\/index.php\/wp-json\/wp\/v2\/media?parent=19"}],"curies":[{"name":"wp","href":"https:\/\/api.w.org\/{rel}","templated":true}]}}