{"id":51,"date":"2018-10-06T18:51:57","date_gmt":"2018-10-06T16:51:57","guid":{"rendered":"http:\/\/aiclb.xyz\/?page_id=51"},"modified":"2022-05-15T13:25:00","modified_gmt":"2022-05-15T11:25:00","slug":"fiches-outils-et-tutos","status":"publish","type":"page","link":"https:\/\/aiclb.xyz\/index.php\/le-traitement-de-texte\/fiches-outils-et-tutos\/","title":{"rendered":"FICHES OUTILS ET TUTOS"},"content":{"rendered":"<div class=\"entry-content\">\n<p align=\"center\"><a href=\"http:\/\/aiclb.xyz\/wp-content\/uploads\/2018\/10\/comm_clavier_1.pdf\" target=\"_blank\" rel=\"noopener\">Les commandes Claviers<\/a><\/p>\n<p align=\"center\"><a href=\"https:\/\/aiclb.xyz\/wp-content\/uploads\/2018\/10\/presentation_barre_outils_tdt.pdf\" data-wplink-edit=\"true\">La barre d\u2019outils dans OpenOffice ou Word<\/a><\/p>\n<p align=\"center\">Auto-Evaluation des comp\u00e9tences Brevet Initiation Informatique Niveau 1,&nbsp;<a href=\"http:\/\/aiclb.xyz\/wp-content\/uploads\/2018\/10\/LPC_B2i_2015.doc\" target=\"_blank\" rel=\"noopener\">version TT<\/a>&nbsp;ou&nbsp;<a href=\"http:\/\/aiclb.xyz\/wp-content\/uploads\/2018\/10\/LPC_B2i_2015.pdf\" target=\"_blank\" rel=\"noopener\">version pdf<\/a><\/p>\n<p align=\"center\">Pour T\u00e9l\u00e9chargez le livret mission B2i, c\u2019est&nbsp;<a href=\"http:\/\/aiclb.xyz\/wp-content\/uploads\/2018\/10\/mission-B2i-en-ligne1_v2015_12_15.pdf\" target=\"_blank\" rel=\"noopener\">ici<\/a>&nbsp;????<\/p>\n<\/div>\n","protected":false},"excerpt":{"rendered":"<p>Les commandes Claviers La barre d\u2019outils dans OpenOffice ou Word Auto-Evaluation des comp\u00e9tences Brevet Initiation Informatique Niveau 1,&nbsp;version TT&nbsp;ou&nbsp;version pdf Pour T\u00e9l\u00e9chargez le livret mission B2i, c\u2019est&nbsp;ici&nbsp;????<\/p>\n","protected":false},"author":1,"featured_media":0,"parent":70,"menu_order":1,"comment_status":"closed","ping_status":"closed","template":"","meta":{"jetpack_post_was_ever_published":false,"footnotes":""},"class_list":["post-51","page","type-page","status-publish","hentry"],"jetpack_sharing_enabled":true,"jetpack_shortlink":"https:\/\/wp.me\/PakV0s-P","jetpack-related-posts":[],"_links":{"self":[{"href":"https:\/\/aiclb.xyz\/index.php\/wp-json\/wp\/v2\/pages\/51","targetHints":{"allow":["GET"]}}],"collection":[{"href":"https:\/\/aiclb.xyz\/index.php\/wp-json\/wp\/v2\/pages"}],"about":[{"href":"https:\/\/aiclb.xyz\/index.php\/wp-json\/wp\/v2\/types\/page"}],"author":[{"embeddable":true,"href":"https:\/\/aiclb.xyz\/index.php\/wp-json\/wp\/v2\/users\/1"}],"replies":[{"embeddable":true,"href":"https:\/\/aiclb.xyz\/index.php\/wp-json\/wp\/v2\/comments?post=51"}],"version-history":[{"count":7,"href":"https:\/\/aiclb.xyz\/index.php\/wp-json\/wp\/v2\/pages\/51\/revisions"}],"predecessor-version":[{"id":834,"href":"https:\/\/aiclb.xyz\/index.php\/wp-json\/wp\/v2\/pages\/51\/revisions\/834"}],"up":[{"embeddable":true,"href":"https:\/\/aiclb.xyz\/index.php\/wp-json\/wp\/v2\/pages\/70"}],"wp:attachment":[{"href":"https:\/\/aiclb.xyz\/index.php\/wp-json\/wp\/v2\/media?parent=51"}],"curies":[{"name":"wp","href":"https:\/\/api.w.org\/{rel}","templated":true}]}}