{"id":79,"date":"2018-10-06T19:31:11","date_gmt":"2018-10-06T17:31:11","guid":{"rendered":"http:\/\/aiclb.xyz\/?page_id=79"},"modified":"2023-07-05T08:18:32","modified_gmt":"2023-07-05T06:18:32","slug":"liens","status":"publish","type":"page","link":"https:\/\/aiclb.xyz\/index.php\/liens\/","title":{"rendered":"LIENS"},"content":{"rendered":"\n<p>T\u00e9l\u00e9charger des logiciels libres et gratuits :<\/p>\n\n\n\n<p>\u2013&nbsp;<a rel=\"noreferrer noopener\" href=\"https:\/\/www.kaspersky.fr\/free-antivirus\" target=\"_blank\">un antivirus gratuit et efficace<\/a>,<\/p>\n\n\n\n<p>\u2013&nbsp;<a href=\"https:\/\/fr.libreoffice.org\/\" target=\"_blank\" rel=\"noreferrer noopener\">le site officiel de Libre Office<\/a>,<\/p>\n\n\n\n<p>\u2013&nbsp;<a href=\"http:\/\/www.pdfxchange.fr\/\" target=\"_blank\" rel=\"noreferrer noopener\">un lecteur pdf gratuit et rapide<\/a>,<\/p>\n\n\n\n<p>\u2013&nbsp;<a href=\"http:\/\/www.thegimp.fr\/\" target=\"_blank\" rel=\"noreferrer noopener\">un logiciel gratuit de retouche d\u2019images<\/a>,<\/p>\n\n\n\n<p>\u2013&nbsp;<a href=\"https:\/\/www.xnview.com\/fr\/\" target=\"_blank\" rel=\"noreferrer noopener\">un gratuiciel de visualisation, de retouche et de conversion d\u2019images,<\/a><\/p>\n\n\n\n<p>\u2013&nbsp;<a href=\"https:\/\/www.mozilla.org\/fr\/firefox\/all\/?q=French%2C+Fran%C3%A7ais\" target=\"_blank\" rel=\"noreferrer noopener\">un logiciel de navigation Firefox<\/a>.<\/p>\n\n\n\n<p>Utiliser des outils collaboratifs : <a href=\"https:\/\/framasoft.org\/fr\/\">https:\/\/framasoft.org\/fr\/<\/a><\/p>\n\n\n\n<p class=\"has-text-align-center\">~~~~~<\/p>\n\n\n\n<p>Pour acc\u00e9der \u00e0 la boite de messagerie \u00e9lectronique Hostinger, c\u2019est&nbsp;<a href=\"https:\/\/webmail1.hostinger.fr\" target=\"_blank\" rel=\"noreferrer noopener\">ici<\/a><\/p>\n\n\n\n<p class=\"has-text-align-center\">~~~~~<\/p>\n\n\n\n<p>Acc\u00e9der \u00e0 l&rsquo;espace <a href=\"https:\/\/sam.nl.tab.digital\/\" data-type=\"URL\" data-id=\"https:\/\/sam.nl.tab.digital\/\" target=\"_blank\" rel=\"noreferrer noopener\">NextCloud<\/a><\/p>\n\n\n\n<p>Utiliser un espace de stockage gratuit sur&nbsp;<a href=\"https:\/\/hubic.com\/fr\/\" target=\"_blank\" rel=\"noreferrer noopener\">Hubic<\/a><\/p>\n\n\n\n<p><\/p>\n\n\n\n<p class=\"has-text-align-center\">~~~~~<\/p>\n\n\n\n<p>Pour d\u00e9couvrir le site Mathador, c\u2019est\u00a0<a href=\"https:\/\/www.mathador.fr\/numerique.html\">ici<\/a>\u00a0o\u00f9 d\u00e9couvrir des activit\u00e9s ludique en math\u00e9matiques, c&rsquo;est <a href=\"https:\/\/www.jeuxmaths.fr\/\" data-type=\"URL\" data-id=\"https:\/\/www.jeuxmaths.fr\/\">l\u00e0<\/a> !<\/p>\n\n\n\n<p class=\"has-text-align-center\">~~~~~<\/p>\n\n\n\n<p class=\"has-text-align-center\">Pour acc\u00e9der au site du coll\u00e8ge, c\u2019est&nbsp;<a rel=\"noreferrer noopener\" href=\"http:\/\/webetab.ac-bordeaux.fr\/t3_0400103v\/\" target=\"_blank\">ici<\/a>&nbsp;ou \u00e0 ProNote, c\u2019est par&nbsp;<a href=\"https:\/\/bv.ac-bordeaux.fr\/ts\/\" target=\"_blank\" rel=\"noreferrer noopener\">l\u00e0 <\/a><\/p>\n\n\n\n<p class=\"has-text-align-center\">~~~~~<\/p>\n","protected":false},"excerpt":{"rendered":"<p>T\u00e9l\u00e9charger des logiciels libres et gratuits : \u2013&nbsp;un antivirus gratuit et efficace, \u2013&nbsp;le site officiel de Libre Office, \u2013&nbsp;un lecteur pdf gratuit et rapide, \u2013&nbsp;un logiciel gratuit de retouche d\u2019images, \u2013&nbsp;un gratuiciel de visualisation, de retouche et de conversion d\u2019images, \u2013&nbsp;un logiciel de navigation Firefox. Utiliser des outils collaboratifs : https:\/\/framasoft.org\/fr\/ ~~~~~ Pour acc\u00e9der \u00e0 &hellip; <\/p>\n<p class=\"link-more\"><a href=\"https:\/\/aiclb.xyz\/index.php\/liens\/\" class=\"more-link\">Continuer la lecture<span class=\"screen-reader-text\"> de &laquo;&nbsp;LIENS&nbsp;&raquo;<\/span><\/a><\/p>\n","protected":false},"author":1,"featured_media":0,"parent":0,"menu_order":0,"comment_status":"closed","ping_status":"closed","template":"","meta":{"jetpack_post_was_ever_published":false,"footnotes":""},"class_list":["post-79","page","type-page","status-publish","hentry"],"jetpack_sharing_enabled":true,"jetpack_shortlink":"https:\/\/wp.me\/PakV0s-1h","jetpack-related-posts":[],"_links":{"self":[{"href":"https:\/\/aiclb.xyz\/index.php\/wp-json\/wp\/v2\/pages\/79","targetHints":{"allow":["GET"]}}],"collection":[{"href":"https:\/\/aiclb.xyz\/index.php\/wp-json\/wp\/v2\/pages"}],"about":[{"href":"https:\/\/aiclb.xyz\/index.php\/wp-json\/wp\/v2\/types\/page"}],"author":[{"embeddable":true,"href":"https:\/\/aiclb.xyz\/index.php\/wp-json\/wp\/v2\/users\/1"}],"replies":[{"embeddable":true,"href":"https:\/\/aiclb.xyz\/index.php\/wp-json\/wp\/v2\/comments?post=79"}],"version-history":[{"count":25,"href":"https:\/\/aiclb.xyz\/index.php\/wp-json\/wp\/v2\/pages\/79\/revisions"}],"predecessor-version":[{"id":967,"href":"https:\/\/aiclb.xyz\/index.php\/wp-json\/wp\/v2\/pages\/79\/revisions\/967"}],"wp:attachment":[{"href":"https:\/\/aiclb.xyz\/index.php\/wp-json\/wp\/v2\/media?parent=79"}],"curies":[{"name":"wp","href":"https:\/\/api.w.org\/{rel}","templated":true}]}}