{"id":895,"date":"2022-10-11T11:49:31","date_gmt":"2022-10-11T09:49:31","guid":{"rendered":"https:\/\/aiclb.xyz\/?page_id=895"},"modified":"2022-10-12T19:33:02","modified_gmt":"2022-10-12T17:33:02","slug":"895-2","status":"publish","type":"page","link":"https:\/\/aiclb.xyz\/index.php\/classes\/classe-de-4-segpa\/videos\/895-2\/","title":{"rendered":"Questionnaire sur \u00a0\u00bb <a href=\"https:\/\/aiclb.xyz\/index.php\/aiovg_videos\/cest-pas-sorcier-pont-du-gard-et-arenes-de-nimes\/\">C\u2019est pas sorcier \u2013 Pont du Gard et Ar\u00e8nes de N\u00eemes<\/a> \u00ab\u00a0"},"content":{"rendered":"<p><\/p>\n\n<div class=\"wp-block-image\">\n<figure class=\"aligncenter\"><img loading=\"lazy\" decoding=\"async\" width=\"100\" height=\"100\" data-attachment-id=\"372\" data-permalink=\"https:\/\/aiclb.xyz\/?attachment_id=372\" data-orig-file=\"https:\/\/i0.wp.com\/aiclb.xyz\/wp-content\/uploads\/2020\/03\/image.png?fit=100%2C100&amp;ssl=1\" data-orig-size=\"100,100\" data-comments-opened=\"0\" data-image-meta=\"{&quot;aperture&quot;:&quot;0&quot;,&quot;credit&quot;:&quot;&quot;,&quot;camera&quot;:&quot;&quot;,&quot;caption&quot;:&quot;&quot;,&quot;created_timestamp&quot;:&quot;0&quot;,&quot;copyright&quot;:&quot;&quot;,&quot;focal_length&quot;:&quot;0&quot;,&quot;iso&quot;:&quot;0&quot;,&quot;shutter_speed&quot;:&quot;0&quot;,&quot;title&quot;:&quot;&quot;,&quot;orientation&quot;:&quot;0&quot;}\" data-image-title=\"image\" data-image-description=\"\" data-image-caption=\"\" data-large-file=\"https:\/\/i0.wp.com\/aiclb.xyz\/wp-content\/uploads\/2020\/03\/image.png?fit=100%2C100&amp;ssl=1\" src=\"https:\/\/i0.wp.com\/aiclb.xyz\/wp-content\/uploads\/2020\/03\/image.png?resize=100%2C100&amp;ssl=1\" alt=\"\" class=\"wp-image-372\"\/><\/figure>\n<\/div>\n\n\n<p>Besoin d\u2019aide ?<\/p>\n\n\n\n<p>Essaie de me contacter pour me poser la question qui te g\u00eane en cliquant&nbsp;<a rel=\"noreferrer noopener\" href=\"https:\/\/framapiaf.org\/invite\/oy3XESk8\" target=\"_blank\">ici<\/a>&nbsp;ou en suivant @philippe_lucas@framapiaf.org sur&nbsp;<a rel=\"noreferrer noopener\" href=\"https:\/\/framapiaf.org\/\" target=\"_blank\">framapiaf.org<\/a><\/p>\n\n\n\n<p>Il est imp\u00e9ratif de suivre le planning des activit\u00e9s, ne pas faire trop d\u2019un coup et se limiter de 45 min \u00e0 1 heure de travail par mati\u00e8re.<\/p>\n\n\n\n<p>Le travail \u00e9crit r\u00e9alis\u00e9 est \u00e0 transmettre au format pdf (le bouton exporter au format pdf est tr\u00e8s pratique dans LibreOffice Writer)<\/p>\n\n\n<div class=\"wp-block-image\">\n<figure class=\"aligncenter\"><img loading=\"lazy\" decoding=\"async\" width=\"1310\" height=\"297\" data-attachment-id=\"385\" data-permalink=\"https:\/\/aiclb.xyz\/?attachment_id=385\" data-orig-file=\"https:\/\/i0.wp.com\/aiclb.xyz\/wp-content\/uploads\/2020\/03\/exporter_au_format_pdf.png?fit=1310%2C297&amp;ssl=1\" data-orig-size=\"1310,297\" data-comments-opened=\"0\" data-image-meta=\"{&quot;aperture&quot;:&quot;0&quot;,&quot;credit&quot;:&quot;&quot;,&quot;camera&quot;:&quot;&quot;,&quot;caption&quot;:&quot;&quot;,&quot;created_timestamp&quot;:&quot;0&quot;,&quot;copyright&quot;:&quot;&quot;,&quot;focal_length&quot;:&quot;0&quot;,&quot;iso&quot;:&quot;0&quot;,&quot;shutter_speed&quot;:&quot;0&quot;,&quot;title&quot;:&quot;&quot;,&quot;orientation&quot;:&quot;0&quot;}\" data-image-title=\"exporter_au_format_pdf\" data-image-description=\"\" data-image-caption=\"\" data-large-file=\"https:\/\/i0.wp.com\/aiclb.xyz\/wp-content\/uploads\/2020\/03\/exporter_au_format_pdf.png?fit=525%2C119&amp;ssl=1\" src=\"https:\/\/i2.wp.com\/aiclb.xyz\/wp-content\/uploads\/2020\/03\/exporter_au_format_pdf.png?fit=525%2C119&amp;ssl=1\" alt=\"\" class=\"wp-image-385\" srcset=\"https:\/\/i0.wp.com\/aiclb.xyz\/wp-content\/uploads\/2020\/03\/exporter_au_format_pdf.png?w=1310&amp;ssl=1 1310w, https:\/\/i0.wp.com\/aiclb.xyz\/wp-content\/uploads\/2020\/03\/exporter_au_format_pdf.png?resize=300%2C68&amp;ssl=1 300w, https:\/\/i0.wp.com\/aiclb.xyz\/wp-content\/uploads\/2020\/03\/exporter_au_format_pdf.png?resize=1024%2C232&amp;ssl=1 1024w, https:\/\/i0.wp.com\/aiclb.xyz\/wp-content\/uploads\/2020\/03\/exporter_au_format_pdf.png?resize=768%2C174&amp;ssl=1 768w\" sizes=\"auto, (max-width: 706px) 89vw, (max-width: 767px) 82vw, 740px\" \/><\/figure>\n<\/div>\n\n\n<p>ou en utilisant l\u2019application&nbsp;<em>CamScanner<\/em>&nbsp;sur un smartphone andro\u00efd<\/p>\n\n\n\n<h2 class=\"wp-block-heading\" id=\"histoire\"><strong>Histoire<\/strong><\/h2>\n\n\n\n<p>Le travail propos\u00e9 est \u00e0 faire apr\u00e8s avoir regarger la vid\u00e9o \u00a0\u00bb <a href=\"https:\/\/aiclb.xyz\/index.php\/aiovg_videos\/cest-pas-sorcier-pont-du-gard-et-arenes-de-nimes\/\">C\u2019est pas sorcier \u2013 Pont du Gard et Ar\u00e8nes de N\u00eemes<\/a> \u00ab\u00a0. Pour d\u00e9poser le travail demand\u00e9, il faut utiliser Pronote ou l&rsquo;outil en page d&rsquo;accueil.<\/p>\n\n\n\n<p><\/p>\n\n\n\n\t\t<div class=\"wppdfemb-frame-container-1\" style=\"-webkit-overflow-scrolling:auto;\">\n\t\t\t<iframe class=\"pdfembed-iframe nonfullscreen wppdf-emb-iframe-1\"\n\t\t\t\tsrc=\"https:\/\/aiclb.xyz\/?pdfemb-data=eyJwZGZJRCI6ODk2LCJpbmRleCI6MSwicGRmZW1iLXNlcnZldXJsIjoiaHR0cHMlM0ElMkYlMkZhaWNsYi54eXolMkZ3cC1jb250ZW50JTJGdXBsb2FkcyUyRnNlY3VyZXBkZnMlMkYyMDIyJTJGMTAlMkZxdWVzdGlvbm5haXJlLUNlc3QtcGFzLXNvcmNpZXJfcG9udF9kdV9nYXJkX2FyZW5lX2RlX25pbWVzLnBkZiIsIndtX3RleHQiOiIifQ\"\n\t\t\t\tdata-pdf-id=\"896\"\n\t\t\t\tdata-pdf-index=\"1\"\n\t\t\t\tstyle=\"border:none;width:100%;max-width:100%;height:100vh;\"\n\t\t\t\tscrolling=\"yes\">\n\t\t\t<\/iframe>\n\t\t<\/div>\n\n\t\t\n<p class=\"wp-block-pdfemb-pdf-embedder-viewer\"><\/p>\n","protected":false},"excerpt":{"rendered":"<p>Besoin d\u2019aide ? Essaie de me contacter pour me poser la question qui te g\u00eane en cliquant&nbsp;ici&nbsp;ou en suivant @philippe_lucas@framapiaf.org sur&nbsp;framapiaf.org Il est imp\u00e9ratif de suivre le planning des activit\u00e9s, ne pas faire trop d\u2019un coup et se limiter de 45 min \u00e0 1 heure de travail par mati\u00e8re. Le travail \u00e9crit r\u00e9alis\u00e9 est \u00e0 &hellip; <\/p>\n<p class=\"link-more\"><a href=\"https:\/\/aiclb.xyz\/index.php\/classes\/classe-de-4-segpa\/videos\/895-2\/\" class=\"more-link\">Continuer la lecture<span class=\"screen-reader-text\"> de &laquo;&nbsp;Questionnaire sur \u00a0\u00bb <a href=\"https:\/\/aiclb.xyz\/index.php\/aiovg_videos\/cest-pas-sorcier-pont-du-gard-et-arenes-de-nimes\/\">C\u2019est pas sorcier \u2013 Pont du Gard et Ar\u00e8nes de N\u00eemes<\/a> \u00ab\u00a0&nbsp;&raquo;<\/span><\/a><\/p>\n","protected":false},"author":1,"featured_media":0,"parent":887,"menu_order":1,"comment_status":"closed","ping_status":"closed","template":"","meta":{"jetpack_post_was_ever_published":false,"footnotes":""},"class_list":["post-895","page","type-page","status-publish","hentry"],"jetpack_sharing_enabled":true,"jetpack_shortlink":"https:\/\/wp.me\/PakV0s-er","jetpack-related-posts":[],"_links":{"self":[{"href":"https:\/\/aiclb.xyz\/index.php\/wp-json\/wp\/v2\/pages\/895","targetHints":{"allow":["GET"]}}],"collection":[{"href":"https:\/\/aiclb.xyz\/index.php\/wp-json\/wp\/v2\/pages"}],"about":[{"href":"https:\/\/aiclb.xyz\/index.php\/wp-json\/wp\/v2\/types\/page"}],"author":[{"embeddable":true,"href":"https:\/\/aiclb.xyz\/index.php\/wp-json\/wp\/v2\/users\/1"}],"replies":[{"embeddable":true,"href":"https:\/\/aiclb.xyz\/index.php\/wp-json\/wp\/v2\/comments?post=895"}],"version-history":[{"count":6,"href":"https:\/\/aiclb.xyz\/index.php\/wp-json\/wp\/v2\/pages\/895\/revisions"}],"predecessor-version":[{"id":919,"href":"https:\/\/aiclb.xyz\/index.php\/wp-json\/wp\/v2\/pages\/895\/revisions\/919"}],"up":[{"embeddable":true,"href":"https:\/\/aiclb.xyz\/index.php\/wp-json\/wp\/v2\/pages\/887"}],"wp:attachment":[{"href":"https:\/\/aiclb.xyz\/index.php\/wp-json\/wp\/v2\/media?parent=895"}],"curies":[{"name":"wp","href":"https:\/\/api.w.org\/{rel}","templated":true}]}}