{"id":946,"date":"2022-12-13T10:44:09","date_gmt":"2022-12-13T09:44:09","guid":{"rendered":"https:\/\/aiclb.xyz\/?page_id=946"},"modified":"2022-12-13T11:48:01","modified_gmt":"2022-12-13T10:48:01","slug":"deposer-son-travail","status":"publish","type":"page","link":"https:\/\/aiclb.xyz\/index.php\/deposer-son-travail\/","title":{"rendered":"D\u00e9poser son travail"},"content":{"rendered":"\n<p>Si je possede d\u00e8j\u00e0 un identifiant et un mot de passe, je clique <a href=\"https:\/\/aiclb.xyz\/index.php\/classes\/deposer-le-travail-demande\/\" data-type=\"URL\" data-id=\"https:\/\/aiclb.xyz\/index.php\/classes\/deposer-le-travail-demande\/\" target=\"_blank\" rel=\"noreferrer noopener\">ic<\/a><a href=\"https:\/\/aiclb.xyz\/index.php\/classes\/deposer-le-travail-demande\/\" data-type=\"URL\" data-id=\"https:\/\/aiclb.xyz\/index.php\/classes\/deposer-le-travail-demande\/\">i<\/a><\/p>\n\n\n\n<p>Si je ne poss\u00e8de pas un identifiant et un mot de passe, je clique <a href=\"https:\/\/aiclb.xyz\/index.php\/inscription-eleve\/\" target=\"_blank\" rel=\"noreferrer noopener\">l\u00e0<\/a><\/p>\n","protected":false},"excerpt":{"rendered":"<p>Si je possede d\u00e8j\u00e0 un identifiant et un mot de passe, je clique ici Si je ne poss\u00e8de pas un identifiant et un mot de passe, je clique l\u00e0<\/p>\n","protected":false},"author":1,"featured_media":0,"parent":0,"menu_order":0,"comment_status":"closed","ping_status":"closed","template":"","meta":{"jetpack_post_was_ever_published":false,"footnotes":""},"class_list":["post-946","page","type-page","status-publish","hentry"],"jetpack_sharing_enabled":true,"jetpack_shortlink":"https:\/\/wp.me\/PakV0s-fg","jetpack-related-posts":[],"_links":{"self":[{"href":"https:\/\/aiclb.xyz\/index.php\/wp-json\/wp\/v2\/pages\/946","targetHints":{"allow":["GET"]}}],"collection":[{"href":"https:\/\/aiclb.xyz\/index.php\/wp-json\/wp\/v2\/pages"}],"about":[{"href":"https:\/\/aiclb.xyz\/index.php\/wp-json\/wp\/v2\/types\/page"}],"author":[{"embeddable":true,"href":"https:\/\/aiclb.xyz\/index.php\/wp-json\/wp\/v2\/users\/1"}],"replies":[{"embeddable":true,"href":"https:\/\/aiclb.xyz\/index.php\/wp-json\/wp\/v2\/comments?post=946"}],"version-history":[{"count":4,"href":"https:\/\/aiclb.xyz\/index.php\/wp-json\/wp\/v2\/pages\/946\/revisions"}],"predecessor-version":[{"id":956,"href":"https:\/\/aiclb.xyz\/index.php\/wp-json\/wp\/v2\/pages\/946\/revisions\/956"}],"wp:attachment":[{"href":"https:\/\/aiclb.xyz\/index.php\/wp-json\/wp\/v2\/media?parent=946"}],"curies":[{"name":"wp","href":"https:\/\/api.w.org\/{rel}","templated":true}]}}